{"id":1370,"date":"2020-01-02T09:28:08","date_gmt":"2020-01-02T09:28:08","guid":{"rendered":"http:\/\/wpdemo.archiwp.com\/engitech\/?page_id=1370"},"modified":"2024-06-12T15:37:05","modified_gmt":"2024-06-12T15:37:05","slug":"iletisim","status":"publish","type":"page","link":"http:\/\/www.artkom.com.tr\/index.php\/iletisim\/","title":{"rendered":"\u0130leti\u015fim"},"content":{"rendered":"\t\t<div data-elementor-type=\"wp-page\" data-elementor-id=\"1370\" class=\"elementor elementor-1370\" data-elementor-post-type=\"page\">\n\t\t\t\t\t\t<section class=\"elementor-section elementor-top-section elementor-element elementor-element-8c1b6b2 elementor-section-content-middle ot-traditional elementor-section-boxed elementor-section-height-default elementor-section-height-default\" data-id=\"8c1b6b2\" data-element_type=\"section\">\n\t\t\t\t\t\t<div class=\"elementor-container elementor-column-gap-extended\">\n\t\t\t\t\t<div class=\"elementor-column elementor-col-50 elementor-top-column elementor-element elementor-element-8416bc3 ot-flex-column-vertical\" data-id=\"8416bc3\" data-element_type=\"column\">\n\t\t\t<div class=\"elementor-widget-wrap elementor-element-populated\">\n\t\t\t\t\t\t<div class=\"elementor-element elementor-element-d735292 elementor-widget elementor-widget-iheading\" data-id=\"d735292\" data-element_type=\"widget\" data-widget_type=\"iheading.default\">\n\t\t\t\t<div class=\"elementor-widget-container\">\n\t\t\t\t\t\t\t<div class=\"ot-heading\">\r\n\t        \t            <span>\/\/ ARTKOM<\/span>\r\n\t        <h2 class=\"main-heading\">\u0130leti\u015fim<\/h2>\t    <\/div>\r\n\t    \t\t\t\t<\/div>\n\t\t\t\t<\/div>\n\t\t\t\t<div class=\"elementor-element elementor-element-d1b9e95 elementor-widget elementor-widget-text-editor\" data-id=\"d1b9e95\" data-element_type=\"widget\" data-widget_type=\"text-editor.default\">\n\t\t\t\t<div class=\"elementor-widget-container\">\n\t\t\t\t\t\t\t\t\t<p>\u0130stedi\u011finiz zaman bizi aray\u0131n; t\u00fcm sorular\u0131n\u0131z\u0131 i\u015f g\u00fcnlerinde 24 saat i\u00e7inde yan\u0131tlamaya \u00e7al\u0131\u015f\u0131yoruz. Sorular\u0131n\u0131z\u0131 yan\u0131tlamaktan mutluluk duyaca\u011f\u0131z.<\/p>\t\t\t\t\t\t\t\t<\/div>\n\t\t\t\t<\/div>\n\t\t\t\t<div class=\"elementor-element elementor-element-b59a336 elementor-widget elementor-widget-icontact_info\" data-id=\"b59a336\" data-element_type=\"widget\" data-widget_type=\"icontact_info.default\">\n\t\t\t\t<div class=\"elementor-widget-container\">\n\t\t\t\t\t\t\t\t\t\t    \t<div class=\"contact-info box-style1\">\r\n\t\t\t\t\t\t\t\t    \t\t        <i class=\"flaticon-world-globe\"><\/i>\t\t\t        <div class=\"info-text\">\r\n\t\t\t        \t<h6>Adres:<\/h6>\r\n\t\t\t        \t<p>Sancaktepe<\/p>\r\n\t\t\t        <\/div>\r\n\t\t\t    <\/div>\r\n\t\t    \t    \t\t\t\t<\/div>\n\t\t\t\t<\/div>\n\t\t\t\t<div class=\"elementor-element elementor-element-4c90f57 elementor-widget elementor-widget-icontact_info\" data-id=\"4c90f57\" data-element_type=\"widget\" data-widget_type=\"icontact_info.default\">\n\t\t\t\t<div class=\"elementor-widget-container\">\n\t\t\t\t\t\t\t\t\t\t    \t<div class=\"contact-info box-style1\">\r\n\t\t\t\t\t\t\t\t    \t\t        <i class=\"flaticon-envelope\"><\/i>\t\t\t        <div class=\"info-text\">\r\n\t\t\t        \t<h6>E-Posta<\/h6>\r\n\t\t\t        \t<p>artkom@artkom.com.tr<\/p>\r\n\t\t\t        <\/div>\r\n\t\t\t    <\/div>\r\n\t\t    \t    \t\t\t\t<\/div>\n\t\t\t\t<\/div>\n\t\t\t\t<div class=\"elementor-element elementor-element-a59e635 elementor-widget elementor-widget-icontact_info\" data-id=\"a59e635\" data-element_type=\"widget\" data-widget_type=\"icontact_info.default\">\n\t\t\t\t<div class=\"elementor-widget-container\">\n\t\t\t\t\t\t\t\t\t\t    \t<div class=\"contact-info box-style1\">\r\n\t\t\t\t\t\t\t\t    \t\t        <i class=\"flaticon-phone-1\"><\/i>\t\t\t        <div class=\"info-text\">\r\n\t\t\t        \t<h6>Telefon<\/h6>\r\n\t\t\t        \t<p>+(90) 216 622 60 10<\/p>\r\n\t\t\t        <\/div>\r\n\t\t\t    <\/div>\r\n\t\t    \t    \t\t\t\t<\/div>\n\t\t\t\t<\/div>\n\t\t\t\t\t<\/div>\n\t\t<\/div>\n\t\t\t\t<div class=\"elementor-column elementor-col-50 elementor-top-column elementor-element elementor-element-add1e18 ot-flex-column-vertical\" data-id=\"add1e18\" data-element_type=\"column\">\n\t\t\t<div class=\"elementor-widget-wrap elementor-element-populated\">\n\t\t\t\t\t\t<div class=\"elementor-element elementor-element-5c60825 elementor-widget elementor-widget-shortcode\" data-id=\"5c60825\" data-element_type=\"widget\" data-widget_type=\"shortcode.default\">\n\t\t\t\t<div class=\"elementor-widget-container\">\n\t\t\t\t\t\t\t<div class=\"elementor-shortcode\">\n<div class=\"wpcf7 no-js\" id=\"wpcf7-f1379-o1\" lang=\"en-US\" dir=\"ltr\">\n<div class=\"screen-reader-response\"><p role=\"status\" aria-live=\"polite\" aria-atomic=\"true\"><\/p> <ul><\/ul><\/div>\n<form action=\"\/index.php\/wp-json\/wp\/v2\/pages\/1370#wpcf7-f1379-o1\" method=\"post\" class=\"wpcf7-form init\" aria-label=\"Contact form\" novalidate=\"novalidate\" data-status=\"init\">\n<div style=\"display: none;\">\n<input type=\"hidden\" name=\"_wpcf7\" value=\"1379\" \/>\n<input type=\"hidden\" name=\"_wpcf7_version\" value=\"5.9.8\" \/>\n<input type=\"hidden\" name=\"_wpcf7_locale\" value=\"en_US\" \/>\n<input type=\"hidden\" name=\"_wpcf7_unit_tag\" value=\"wpcf7-f1379-o1\" \/>\n<input type=\"hidden\" name=\"_wpcf7_container_post\" value=\"0\" \/>\n<input type=\"hidden\" name=\"_wpcf7_posted_data_hash\" value=\"\" \/>\n<\/div>\n<div class=\"main-form\">\n\t<h2>Ba\u015flamaya Haz\u0131r m\u0131s\u0131n?\n\t<\/h2>\n\t<p class=\"font14\">ARTKOM\n\t<\/p>\n\t<p><span class=\"wpcf7-form-control-wrap\" data-name=\"your-name\"><input size=\"40\" maxlength=\"400\" class=\"wpcf7-form-control wpcf7-text wpcf7-validates-as-required\" aria-required=\"true\" aria-invalid=\"false\" placeholder=\"\u0130sim\" value=\"\" type=\"text\" name=\"your-name\" \/><\/span>\n\t<\/p>\n\t<p><span class=\"wpcf7-form-control-wrap\" data-name=\"your-email\"><input size=\"40\" maxlength=\"400\" class=\"wpcf7-form-control wpcf7-email wpcf7-validates-as-required wpcf7-text wpcf7-validates-as-email\" aria-required=\"true\" aria-invalid=\"false\" placeholder=\"Soyisim\" value=\"\" type=\"email\" name=\"your-email\" \/><\/span>\n\t<\/p>\n\t<p><span class=\"wpcf7-form-control-wrap\" data-name=\"your-message\"><textarea cols=\"40\" rows=\"10\" maxlength=\"2000\" class=\"wpcf7-form-control wpcf7-textarea\" aria-invalid=\"false\" placeholder=\"Mesaj...\" name=\"your-message\"><\/textarea><\/span>\n\t<\/p>\n\t<p><button type=\"submit\" class=\"octf-btn octf-btn-light\">Formu G\u00f6nder<\/button>\n\t<\/p>\n<\/div><div class=\"wpcf7-response-output\" aria-hidden=\"true\"><\/div>\n<\/form>\n<\/div>\n<\/div>\n\t\t\t\t\t\t<\/div>\n\t\t\t\t<\/div>\n\t\t\t\t\t<\/div>\n\t\t<\/div>\n\t\t\t\t\t<\/div>\n\t\t<\/section>\n\t\t\t\t<section class=\"elementor-section elementor-top-section elementor-element elementor-element-aba0bc8 elementor-section-full_width elementor-section-height-default elementor-section-height-default\" data-id=\"aba0bc8\" data-element_type=\"section\">\n\t\t\t\t\t\t<div class=\"elementor-container elementor-column-gap-default\">\n\t\t\t\t\t<div class=\"elementor-column elementor-col-100 elementor-top-column elementor-element elementor-element-aa84c84 ot-flex-column-vertical\" data-id=\"aa84c84\" data-element_type=\"column\">\n\t\t\t<div class=\"elementor-widget-wrap elementor-element-populated\">\n\t\t\t\t\t\t<div class=\"elementor-element elementor-element-887b98a elementor-widget elementor-widget-image-carousel\" data-id=\"887b98a\" data-element_type=\"widget\" data-settings=\"{&quot;slides_to_show&quot;:&quot;5&quot;,&quot;slides_to_scroll&quot;:&quot;1&quot;,&quot;navigation&quot;:&quot;none&quot;,&quot;autoplay&quot;:&quot;yes&quot;,&quot;pause_on_hover&quot;:&quot;yes&quot;,&quot;pause_on_interaction&quot;:&quot;yes&quot;,&quot;autoplay_speed&quot;:5000,&quot;infinite&quot;:&quot;yes&quot;,&quot;speed&quot;:500}\" data-widget_type=\"image-carousel.default\">\n\t\t\t\t<div class=\"elementor-widget-container\">\n\t\t\t\t\t\t\t<div class=\"elementor-image-carousel-wrapper swiper\" role=\"region\" aria-roledescription=\"carousel\" aria-label=\"Resim D\u00f6ng\u00fcs\u00fc\" dir=\"ltr\">\n\t\t\t<div class=\"elementor-image-carousel swiper-wrapper\" aria-live=\"off\">\n\t\t\t\t\t\t\t\t<div class=\"swiper-slide\" role=\"group\" aria-roledescription=\"slide\" aria-label=\"1 \/ 9\"><figure class=\"swiper-slide-inner\"><img decoding=\"async\" class=\"swiper-slide-image\" src=\"http:\/\/www.artkom.com.tr\/wp-content\/uploads\/2020\/09\/Flyer-Silver-150x150.png\" alt=\"Flyer-Silver\" \/><\/figure><\/div><div class=\"swiper-slide\" role=\"group\" aria-roledescription=\"slide\" aria-label=\"2 \/ 9\"><figure class=\"swiper-slide-inner\"><img decoding=\"async\" class=\"swiper-slide-image\" src=\"http:\/\/www.artkom.com.tr\/wp-content\/uploads\/2020\/09\/Jumper-gold-150x150.png\" alt=\"Jumper-gold\" \/><\/figure><\/div><div class=\"swiper-slide\" role=\"group\" aria-roledescription=\"slide\" aria-label=\"3 \/ 9\"><figure class=\"swiper-slide-inner\"><img decoding=\"async\" class=\"swiper-slide-image\" src=\"http:\/\/www.artkom.com.tr\/wp-content\/uploads\/2024\/06\/mikroLogo-150x150.png\" alt=\"mikroLogo\" \/><\/figure><\/div><div class=\"swiper-slide\" role=\"group\" aria-roledescription=\"slide\" aria-label=\"4 \/ 9\"><figure class=\"swiper-slide-inner\"><img decoding=\"async\" class=\"swiper-slide-image\" src=\"http:\/\/www.artkom.com.tr\/wp-content\/uploads\/2021\/03\/client6-10.png\" alt=\"client6-10\" \/><\/figure><\/div><div class=\"swiper-slide\" role=\"group\" aria-roledescription=\"slide\" aria-label=\"5 \/ 9\"><figure class=\"swiper-slide-inner\"><img decoding=\"async\" class=\"swiper-slide-image\" src=\"http:\/\/www.artkom.com.tr\/wp-content\/uploads\/2021\/03\/client5-10.png\" alt=\"client5-10\" \/><\/figure><\/div><div class=\"swiper-slide\" role=\"group\" aria-roledescription=\"slide\" aria-label=\"6 \/ 9\"><figure class=\"swiper-slide-inner\"><img decoding=\"async\" class=\"swiper-slide-image\" src=\"http:\/\/www.artkom.com.tr\/wp-content\/uploads\/2021\/03\/client4-10.png\" alt=\"client4-10\" \/><\/figure><\/div><div class=\"swiper-slide\" role=\"group\" aria-roledescription=\"slide\" aria-label=\"7 \/ 9\"><figure class=\"swiper-slide-inner\"><img decoding=\"async\" class=\"swiper-slide-image\" src=\"http:\/\/www.artkom.com.tr\/wp-content\/uploads\/2021\/03\/client3-10.png\" alt=\"client3-10\" \/><\/figure><\/div><div class=\"swiper-slide\" role=\"group\" aria-roledescription=\"slide\" aria-label=\"8 \/ 9\"><figure class=\"swiper-slide-inner\"><img decoding=\"async\" class=\"swiper-slide-image\" src=\"http:\/\/www.artkom.com.tr\/wp-content\/uploads\/2021\/03\/client2-10.png\" alt=\"client2-10\" \/><\/figure><\/div><div class=\"swiper-slide\" role=\"group\" aria-roledescription=\"slide\" aria-label=\"9 \/ 9\"><figure class=\"swiper-slide-inner\"><img decoding=\"async\" class=\"swiper-slide-image\" src=\"http:\/\/www.artkom.com.tr\/wp-content\/uploads\/2021\/03\/client1-10.png\" alt=\"client1-10\" \/><\/figure><\/div>\t\t\t<\/div>\n\t\t\t\t\t\t\t\n\t\t\t\t\t\t\t\t\t<\/div>\n\t\t\t\t\t\t<\/div>\n\t\t\t\t<\/div>\n\t\t\t\t<div class=\"elementor-element elementor-element-1952363 elementor-widget elementor-widget-google_maps\" data-id=\"1952363\" data-element_type=\"widget\" data-widget_type=\"google_maps.default\">\n\t\t\t\t<div class=\"elementor-widget-container\">\n\t\t\t\t\t\t\t<div class=\"elementor-custom-embed\">\n\t\t\t<iframe loading=\"lazy\"\n\t\t\t\t\tsrc=\"https:\/\/maps.google.com\/maps?q=Artkom%20Bilgisayar&#038;t=m&#038;z=10&#038;output=embed&#038;iwloc=near\"\n\t\t\t\t\ttitle=\"Artkom Bilgisayar\"\n\t\t\t\t\taria-label=\"Artkom Bilgisayar\"\n\t\t\t><\/iframe>\n\t\t<\/div>\n\t\t\t\t\t\t<\/div>\n\t\t\t\t<\/div>\n\t\t\t\t\t<\/div>\n\t\t<\/div>\n\t\t\t\t\t<\/div>\n\t\t<\/section>\n\t\t\t\t<\/div>\n\t\t","protected":false},"excerpt":{"rendered":"<p>\/\/ ARTKOM \u0130leti\u015fim \u0130stedi\u011finiz zaman bizi aray\u0131n; t\u00fcm sorular\u0131n\u0131z\u0131 i\u015f g\u00fcnlerinde 24 saat i\u00e7inde yan\u0131tlamaya \u00e7al\u0131\u015f\u0131yoruz. Sorular\u0131n\u0131z\u0131 yan\u0131tlamaktan mutluluk duyaca\u011f\u0131z. Adres: Sancaktepe E-Posta artkom@artkom.com.tr Telefon +(90) 216 622 60 10<\/p>\n","protected":false},"author":1,"featured_media":0,"parent":0,"menu_order":0,"comment_status":"closed","ping_status":"closed","template":"","meta":{"footnotes":""},"yoast_head":"<!-- This site is optimized with the Yoast SEO plugin v24.5 - https:\/\/yoast.com\/wordpress\/plugins\/seo\/ -->\n<title>\u0130leti\u015fim - ARTKOM<\/title>\n<meta name=\"robots\" content=\"index, follow, max-snippet:-1, max-image-preview:large, max-video-preview:-1\" \/>\n<link rel=\"canonical\" href=\"https:\/\/www.artkom.com.tr\/index.php\/iletisim\/\" \/>\n<meta property=\"og:locale\" content=\"tr_TR\" \/>\n<meta property=\"og:type\" content=\"article\" \/>\n<meta property=\"og:title\" content=\"\u0130leti\u015fim - ARTKOM\" \/>\n<meta property=\"og:description\" content=\"\/\/ ARTKOM \u0130leti\u015fim \u0130stedi\u011finiz zaman bizi aray\u0131n; t\u00fcm sorular\u0131n\u0131z\u0131 i\u015f g\u00fcnlerinde 24 saat i\u00e7inde yan\u0131tlamaya \u00e7al\u0131\u015f\u0131yoruz. Sorular\u0131n\u0131z\u0131 yan\u0131tlamaktan mutluluk duyaca\u011f\u0131z. Adres: Sancaktepe E-Posta artkom@artkom.com.tr Telefon +(90) 216 622 60 10\" \/>\n<meta property=\"og:url\" content=\"https:\/\/www.artkom.com.tr\/index.php\/iletisim\/\" \/>\n<meta property=\"og:site_name\" content=\"ARTKOM\" \/>\n<meta property=\"article:modified_time\" content=\"2024-06-12T15:37:05+00:00\" \/>\n<meta property=\"og:image\" content=\"http:\/\/www.artkom.com.tr\/wp-content\/uploads\/2020\/09\/Flyer-Silver-150x150.png\" \/>\n<meta name=\"twitter:card\" content=\"summary_large_image\" \/>\n<meta name=\"twitter:label1\" content=\"Tahmini okuma s\u00fcresi\" \/>\n\t<meta name=\"twitter:data1\" content=\"4 dakika\" \/>\n<script type=\"application\/ld+json\" class=\"yoast-schema-graph\">{\"@context\":\"https:\/\/schema.org\",\"@graph\":[{\"@type\":\"WebPage\",\"@id\":\"https:\/\/www.artkom.com.tr\/index.php\/iletisim\/\",\"url\":\"https:\/\/www.artkom.com.tr\/index.php\/iletisim\/\",\"name\":\"\u0130leti\u015fim - ARTKOM\",\"isPartOf\":{\"@id\":\"https:\/\/www.artkom.com.tr\/#website\"},\"primaryImageOfPage\":{\"@id\":\"https:\/\/www.artkom.com.tr\/index.php\/iletisim\/#primaryimage\"},\"image\":{\"@id\":\"https:\/\/www.artkom.com.tr\/index.php\/iletisim\/#primaryimage\"},\"thumbnailUrl\":\"http:\/\/www.artkom.com.tr\/wp-content\/uploads\/2020\/09\/Flyer-Silver-150x150.png\",\"datePublished\":\"2020-01-02T09:28:08+00:00\",\"dateModified\":\"2024-06-12T15:37:05+00:00\",\"breadcrumb\":{\"@id\":\"https:\/\/www.artkom.com.tr\/index.php\/iletisim\/#breadcrumb\"},\"inLanguage\":\"tr\",\"potentialAction\":[{\"@type\":\"ReadAction\",\"target\":[\"https:\/\/www.artkom.com.tr\/index.php\/iletisim\/\"]}]},{\"@type\":\"ImageObject\",\"inLanguage\":\"tr\",\"@id\":\"https:\/\/www.artkom.com.tr\/index.php\/iletisim\/#primaryimage\",\"url\":\"http:\/\/www.artkom.com.tr\/wp-content\/uploads\/2020\/09\/Flyer-Silver.png\",\"contentUrl\":\"http:\/\/www.artkom.com.tr\/wp-content\/uploads\/2020\/09\/Flyer-Silver.png\",\"width\":1000,\"height\":1000},{\"@type\":\"BreadcrumbList\",\"@id\":\"https:\/\/www.artkom.com.tr\/index.php\/iletisim\/#breadcrumb\",\"itemListElement\":[{\"@type\":\"ListItem\",\"position\":1,\"name\":\"Anasayfa\",\"item\":\"https:\/\/www.artkom.com.tr\/\"},{\"@type\":\"ListItem\",\"position\":2,\"name\":\"\u0130leti\u015fim\"}]},{\"@type\":\"WebSite\",\"@id\":\"https:\/\/www.artkom.com.tr\/#website\",\"url\":\"https:\/\/www.artkom.com.tr\/\",\"name\":\"ARTKOM\",\"description\":\"ARTKOM B\u0130L\u0130\u015e\u0130M \u0130\u015eLEMLER\u0130\",\"publisher\":{\"@id\":\"https:\/\/www.artkom.com.tr\/#organization\"},\"potentialAction\":[{\"@type\":\"SearchAction\",\"target\":{\"@type\":\"EntryPoint\",\"urlTemplate\":\"https:\/\/www.artkom.com.tr\/?s={search_term_string}\"},\"query-input\":{\"@type\":\"PropertyValueSpecification\",\"valueRequired\":true,\"valueName\":\"search_term_string\"}}],\"inLanguage\":\"tr\"},{\"@type\":\"Organization\",\"@id\":\"https:\/\/www.artkom.com.tr\/#organization\",\"name\":\"ARTKOM\",\"url\":\"https:\/\/www.artkom.com.tr\/\",\"logo\":{\"@type\":\"ImageObject\",\"inLanguage\":\"tr\",\"@id\":\"https:\/\/www.artkom.com.tr\/#\/schema\/logo\/image\/\",\"url\":\"http:\/\/www.artkom.com.tr\/wp-content\/uploads\/2024\/06\/WhatsApp-Gorsel-2024-06-11-saat-00.51.16_9a471105.jpg\",\"contentUrl\":\"http:\/\/www.artkom.com.tr\/wp-content\/uploads\/2024\/06\/WhatsApp-Gorsel-2024-06-11-saat-00.51.16_9a471105.jpg\",\"width\":1280,\"height\":772,\"caption\":\"ARTKOM\"},\"image\":{\"@id\":\"https:\/\/www.artkom.com.tr\/#\/schema\/logo\/image\/\"}}]}<\/script>\n<!-- \/ Yoast SEO plugin. -->","yoast_head_json":{"title":"\u0130leti\u015fim - ARTKOM","robots":{"index":"index","follow":"follow","max-snippet":"max-snippet:-1","max-image-preview":"max-image-preview:large","max-video-preview":"max-video-preview:-1"},"canonical":"https:\/\/www.artkom.com.tr\/index.php\/iletisim\/","og_locale":"tr_TR","og_type":"article","og_title":"\u0130leti\u015fim - ARTKOM","og_description":"\/\/ ARTKOM \u0130leti\u015fim \u0130stedi\u011finiz zaman bizi aray\u0131n; t\u00fcm sorular\u0131n\u0131z\u0131 i\u015f g\u00fcnlerinde 24 saat i\u00e7inde yan\u0131tlamaya \u00e7al\u0131\u015f\u0131yoruz. Sorular\u0131n\u0131z\u0131 yan\u0131tlamaktan mutluluk duyaca\u011f\u0131z. Adres: Sancaktepe E-Posta artkom@artkom.com.tr Telefon +(90) 216 622 60 10","og_url":"https:\/\/www.artkom.com.tr\/index.php\/iletisim\/","og_site_name":"ARTKOM","article_modified_time":"2024-06-12T15:37:05+00:00","og_image":[{"url":"http:\/\/www.artkom.com.tr\/wp-content\/uploads\/2020\/09\/Flyer-Silver-150x150.png","type":"","width":"","height":""}],"twitter_card":"summary_large_image","twitter_misc":{"Tahmini okuma s\u00fcresi":"4 dakika"},"schema":{"@context":"https:\/\/schema.org","@graph":[{"@type":"WebPage","@id":"https:\/\/www.artkom.com.tr\/index.php\/iletisim\/","url":"https:\/\/www.artkom.com.tr\/index.php\/iletisim\/","name":"\u0130leti\u015fim - ARTKOM","isPartOf":{"@id":"https:\/\/www.artkom.com.tr\/#website"},"primaryImageOfPage":{"@id":"https:\/\/www.artkom.com.tr\/index.php\/iletisim\/#primaryimage"},"image":{"@id":"https:\/\/www.artkom.com.tr\/index.php\/iletisim\/#primaryimage"},"thumbnailUrl":"http:\/\/www.artkom.com.tr\/wp-content\/uploads\/2020\/09\/Flyer-Silver-150x150.png","datePublished":"2020-01-02T09:28:08+00:00","dateModified":"2024-06-12T15:37:05+00:00","breadcrumb":{"@id":"https:\/\/www.artkom.com.tr\/index.php\/iletisim\/#breadcrumb"},"inLanguage":"tr","potentialAction":[{"@type":"ReadAction","target":["https:\/\/www.artkom.com.tr\/index.php\/iletisim\/"]}]},{"@type":"ImageObject","inLanguage":"tr","@id":"https:\/\/www.artkom.com.tr\/index.php\/iletisim\/#primaryimage","url":"http:\/\/www.artkom.com.tr\/wp-content\/uploads\/2020\/09\/Flyer-Silver.png","contentUrl":"http:\/\/www.artkom.com.tr\/wp-content\/uploads\/2020\/09\/Flyer-Silver.png","width":1000,"height":1000},{"@type":"BreadcrumbList","@id":"https:\/\/www.artkom.com.tr\/index.php\/iletisim\/#breadcrumb","itemListElement":[{"@type":"ListItem","position":1,"name":"Anasayfa","item":"https:\/\/www.artkom.com.tr\/"},{"@type":"ListItem","position":2,"name":"\u0130leti\u015fim"}]},{"@type":"WebSite","@id":"https:\/\/www.artkom.com.tr\/#website","url":"https:\/\/www.artkom.com.tr\/","name":"ARTKOM","description":"ARTKOM B\u0130L\u0130\u015e\u0130M \u0130\u015eLEMLER\u0130","publisher":{"@id":"https:\/\/www.artkom.com.tr\/#organization"},"potentialAction":[{"@type":"SearchAction","target":{"@type":"EntryPoint","urlTemplate":"https:\/\/www.artkom.com.tr\/?s={search_term_string}"},"query-input":{"@type":"PropertyValueSpecification","valueRequired":true,"valueName":"search_term_string"}}],"inLanguage":"tr"},{"@type":"Organization","@id":"https:\/\/www.artkom.com.tr\/#organization","name":"ARTKOM","url":"https:\/\/www.artkom.com.tr\/","logo":{"@type":"ImageObject","inLanguage":"tr","@id":"https:\/\/www.artkom.com.tr\/#\/schema\/logo\/image\/","url":"http:\/\/www.artkom.com.tr\/wp-content\/uploads\/2024\/06\/WhatsApp-Gorsel-2024-06-11-saat-00.51.16_9a471105.jpg","contentUrl":"http:\/\/www.artkom.com.tr\/wp-content\/uploads\/2024\/06\/WhatsApp-Gorsel-2024-06-11-saat-00.51.16_9a471105.jpg","width":1280,"height":772,"caption":"ARTKOM"},"image":{"@id":"https:\/\/www.artkom.com.tr\/#\/schema\/logo\/image\/"}}]}},"_links":{"self":[{"href":"http:\/\/www.artkom.com.tr\/index.php\/wp-json\/wp\/v2\/pages\/1370"}],"collection":[{"href":"http:\/\/www.artkom.com.tr\/index.php\/wp-json\/wp\/v2\/pages"}],"about":[{"href":"http:\/\/www.artkom.com.tr\/index.php\/wp-json\/wp\/v2\/types\/page"}],"author":[{"embeddable":true,"href":"http:\/\/www.artkom.com.tr\/index.php\/wp-json\/wp\/v2\/users\/1"}],"replies":[{"embeddable":true,"href":"http:\/\/www.artkom.com.tr\/index.php\/wp-json\/wp\/v2\/comments?post=1370"}],"version-history":[{"count":13,"href":"http:\/\/www.artkom.com.tr\/index.php\/wp-json\/wp\/v2\/pages\/1370\/revisions"}],"predecessor-version":[{"id":5606,"href":"http:\/\/www.artkom.com.tr\/index.php\/wp-json\/wp\/v2\/pages\/1370\/revisions\/5606"}],"wp:attachment":[{"href":"http:\/\/www.artkom.com.tr\/index.php\/wp-json\/wp\/v2\/media?parent=1370"}],"curies":[{"name":"wp","href":"https:\/\/api.w.org\/{rel}","templated":true}]}}