{"id":5343,"date":"2024-06-11T13:34:51","date_gmt":"2024-06-11T13:34:51","guid":{"rendered":"http:\/\/www.artkom.com.tr\/?page_id=5343"},"modified":"2024-06-11T13:34:51","modified_gmt":"2024-06-11T13:34:51","slug":"hizmetler-2","status":"publish","type":"page","link":"http:\/\/www.artkom.com.tr\/index.php\/hizmetler-2\/","title":{"rendered":"Hizmetler"},"content":{"rendered":"","protected":false},"excerpt":{"rendered":"","protected":false},"author":1,"featured_media":0,"parent":0,"menu_order":0,"comment_status":"closed","ping_status":"closed","template":"","meta":{"footnotes":""},"yoast_head":"<!-- This site is optimized with the Yoast SEO plugin v24.5 - https:\/\/yoast.com\/wordpress\/plugins\/seo\/ -->\n<title>Hizmetler - ARTKOM<\/title>\n<meta name=\"robots\" content=\"index, follow, max-snippet:-1, max-image-preview:large, max-video-preview:-1\" \/>\n<link rel=\"canonical\" href=\"http:\/\/www.artkom.com.tr\/index.php\/hizmetler-2\/\" \/>\n<meta property=\"og:locale\" content=\"tr_TR\" \/>\n<meta property=\"og:type\" content=\"article\" \/>\n<meta property=\"og:title\" content=\"Hizmetler - ARTKOM\" \/>\n<meta property=\"og:url\" content=\"http:\/\/www.artkom.com.tr\/index.php\/hizmetler-2\/\" \/>\n<meta property=\"og:site_name\" content=\"ARTKOM\" \/>\n<meta name=\"twitter:card\" content=\"summary_large_image\" \/>\n<script type=\"application\/ld+json\" class=\"yoast-schema-graph\">{\"@context\":\"https:\/\/schema.org\",\"@graph\":[{\"@type\":\"WebPage\",\"@id\":\"http:\/\/www.artkom.com.tr\/index.php\/hizmetler-2\/\",\"url\":\"http:\/\/www.artkom.com.tr\/index.php\/hizmetler-2\/\",\"name\":\"Hizmetler - ARTKOM\",\"isPartOf\":{\"@id\":\"http:\/\/www.artkom.com.tr\/#website\"},\"datePublished\":\"2024-06-11T13:34:51+00:00\",\"breadcrumb\":{\"@id\":\"http:\/\/www.artkom.com.tr\/index.php\/hizmetler-2\/#breadcrumb\"},\"inLanguage\":\"tr\",\"potentialAction\":[{\"@type\":\"ReadAction\",\"target\":[\"http:\/\/www.artkom.com.tr\/index.php\/hizmetler-2\/\"]}]},{\"@type\":\"BreadcrumbList\",\"@id\":\"http:\/\/www.artkom.com.tr\/index.php\/hizmetler-2\/#breadcrumb\",\"itemListElement\":[{\"@type\":\"ListItem\",\"position\":1,\"name\":\"Anasayfa\",\"item\":\"http:\/\/www.artkom.com.tr\/\"},{\"@type\":\"ListItem\",\"position\":2,\"name\":\"Hizmetler\"}]},{\"@type\":\"WebSite\",\"@id\":\"http:\/\/www.artkom.com.tr\/#website\",\"url\":\"http:\/\/www.artkom.com.tr\/\",\"name\":\"ARTKOM\",\"description\":\"ARTKOM B\u0130L\u0130\u015e\u0130M \u0130\u015eLEMLER\u0130\",\"publisher\":{\"@id\":\"http:\/\/www.artkom.com.tr\/#organization\"},\"potentialAction\":[{\"@type\":\"SearchAction\",\"target\":{\"@type\":\"EntryPoint\",\"urlTemplate\":\"http:\/\/www.artkom.com.tr\/?s={search_term_string}\"},\"query-input\":{\"@type\":\"PropertyValueSpecification\",\"valueRequired\":true,\"valueName\":\"search_term_string\"}}],\"inLanguage\":\"tr\"},{\"@type\":\"Organization\",\"@id\":\"http:\/\/www.artkom.com.tr\/#organization\",\"name\":\"ARTKOM\",\"url\":\"http:\/\/www.artkom.com.tr\/\",\"logo\":{\"@type\":\"ImageObject\",\"inLanguage\":\"tr\",\"@id\":\"http:\/\/www.artkom.com.tr\/#\/schema\/logo\/image\/\",\"url\":\"http:\/\/www.artkom.com.tr\/wp-content\/uploads\/2024\/06\/WhatsApp-Gorsel-2024-06-11-saat-00.51.16_9a471105.jpg\",\"contentUrl\":\"http:\/\/www.artkom.com.tr\/wp-content\/uploads\/2024\/06\/WhatsApp-Gorsel-2024-06-11-saat-00.51.16_9a471105.jpg\",\"width\":1280,\"height\":772,\"caption\":\"ARTKOM\"},\"image\":{\"@id\":\"http:\/\/www.artkom.com.tr\/#\/schema\/logo\/image\/\"}}]}<\/script>\n<!-- \/ Yoast SEO plugin. -->","yoast_head_json":{"title":"Hizmetler - ARTKOM","robots":{"index":"index","follow":"follow","max-snippet":"max-snippet:-1","max-image-preview":"max-image-preview:large","max-video-preview":"max-video-preview:-1"},"canonical":"http:\/\/www.artkom.com.tr\/index.php\/hizmetler-2\/","og_locale":"tr_TR","og_type":"article","og_title":"Hizmetler - ARTKOM","og_url":"http:\/\/www.artkom.com.tr\/index.php\/hizmetler-2\/","og_site_name":"ARTKOM","twitter_card":"summary_large_image","schema":{"@context":"https:\/\/schema.org","@graph":[{"@type":"WebPage","@id":"http:\/\/www.artkom.com.tr\/index.php\/hizmetler-2\/","url":"http:\/\/www.artkom.com.tr\/index.php\/hizmetler-2\/","name":"Hizmetler - ARTKOM","isPartOf":{"@id":"http:\/\/www.artkom.com.tr\/#website"},"datePublished":"2024-06-11T13:34:51+00:00","breadcrumb":{"@id":"http:\/\/www.artkom.com.tr\/index.php\/hizmetler-2\/#breadcrumb"},"inLanguage":"tr","potentialAction":[{"@type":"ReadAction","target":["http:\/\/www.artkom.com.tr\/index.php\/hizmetler-2\/"]}]},{"@type":"BreadcrumbList","@id":"http:\/\/www.artkom.com.tr\/index.php\/hizmetler-2\/#breadcrumb","itemListElement":[{"@type":"ListItem","position":1,"name":"Anasayfa","item":"http:\/\/www.artkom.com.tr\/"},{"@type":"ListItem","position":2,"name":"Hizmetler"}]},{"@type":"WebSite","@id":"http:\/\/www.artkom.com.tr\/#website","url":"http:\/\/www.artkom.com.tr\/","name":"ARTKOM","description":"ARTKOM B\u0130L\u0130\u015e\u0130M \u0130\u015eLEMLER\u0130","publisher":{"@id":"http:\/\/www.artkom.com.tr\/#organization"},"potentialAction":[{"@type":"SearchAction","target":{"@type":"EntryPoint","urlTemplate":"http:\/\/www.artkom.com.tr\/?s={search_term_string}"},"query-input":{"@type":"PropertyValueSpecification","valueRequired":true,"valueName":"search_term_string"}}],"inLanguage":"tr"},{"@type":"Organization","@id":"http:\/\/www.artkom.com.tr\/#organization","name":"ARTKOM","url":"http:\/\/www.artkom.com.tr\/","logo":{"@type":"ImageObject","inLanguage":"tr","@id":"http:\/\/www.artkom.com.tr\/#\/schema\/logo\/image\/","url":"http:\/\/www.artkom.com.tr\/wp-content\/uploads\/2024\/06\/WhatsApp-Gorsel-2024-06-11-saat-00.51.16_9a471105.jpg","contentUrl":"http:\/\/www.artkom.com.tr\/wp-content\/uploads\/2024\/06\/WhatsApp-Gorsel-2024-06-11-saat-00.51.16_9a471105.jpg","width":1280,"height":772,"caption":"ARTKOM"},"image":{"@id":"http:\/\/www.artkom.com.tr\/#\/schema\/logo\/image\/"}}]}},"_links":{"self":[{"href":"http:\/\/www.artkom.com.tr\/index.php\/wp-json\/wp\/v2\/pages\/5343"}],"collection":[{"href":"http:\/\/www.artkom.com.tr\/index.php\/wp-json\/wp\/v2\/pages"}],"about":[{"href":"http:\/\/www.artkom.com.tr\/index.php\/wp-json\/wp\/v2\/types\/page"}],"author":[{"embeddable":true,"href":"http:\/\/www.artkom.com.tr\/index.php\/wp-json\/wp\/v2\/users\/1"}],"replies":[{"embeddable":true,"href":"http:\/\/www.artkom.com.tr\/index.php\/wp-json\/wp\/v2\/comments?post=5343"}],"version-history":[{"count":1,"href":"http:\/\/www.artkom.com.tr\/index.php\/wp-json\/wp\/v2\/pages\/5343\/revisions"}],"predecessor-version":[{"id":5345,"href":"http:\/\/www.artkom.com.tr\/index.php\/wp-json\/wp\/v2\/pages\/5343\/revisions\/5345"}],"wp:attachment":[{"href":"http:\/\/www.artkom.com.tr\/index.php\/wp-json\/wp\/v2\/media?parent=5343"}],"curies":[{"name":"wp","href":"https:\/\/api.w.org\/{rel}","templated":true}]}}