{"id":2441,"date":"2020-03-06T10:03:03","date_gmt":"2020-03-06T10:03:03","guid":{"rendered":"http:\/\/wpdemo.archiwp.com\/engitech\/?page_id=2441"},"modified":"2024-06-12T15:34:25","modified_gmt":"2024-06-12T15:34:25","slug":"portfolyo","status":"publish","type":"page","link":"https:\/\/www.artkom.com.tr\/index.php\/portfolyo\/","title":{"rendered":"Portfolyo"},"content":{"rendered":"\t\t<div data-elementor-type=\"wp-page\" data-elementor-id=\"2441\" class=\"elementor elementor-2441\" data-elementor-post-type=\"page\">\n\t\t\t\t\t\t<section class=\"elementor-section elementor-top-section elementor-element elementor-element-6f67f46 elementor-section-full_width ot-traditional elementor-section-height-default elementor-section-height-default\" data-id=\"6f67f46\" data-element_type=\"section\">\n\t\t\t\t\t\t<div class=\"elementor-container elementor-column-gap-default\">\n\t\t\t\t\t<div class=\"elementor-column elementor-col-100 elementor-top-column elementor-element elementor-element-94f0dd9 ot-flex-column-vertical\" data-id=\"94f0dd9\" data-element_type=\"column\">\n\t\t\t<div class=\"elementor-widget-wrap elementor-element-populated\">\n\t\t\t\t\t\t<div class=\"elementor-element elementor-element-49e40d6 elementor-widget elementor-widget-iheading\" data-id=\"49e40d6\" data-element_type=\"widget\" data-widget_type=\"iheading.default\">\n\t\t\t\t<div class=\"elementor-widget-container\">\n\t\t\t\t\t\t\t<div class=\"ot-heading\">\r\n\t        \t            <span>\/\/ ARTKOM<\/span>\r\n\t        <h2 class=\"main-heading\">Portfolyo<\/h2>\t    <\/div>\r\n\t    \t\t\t\t<\/div>\n\t\t\t\t<\/div>\n\t\t\t\t<div class=\"elementor-element elementor-element-20bd49f elementor-widget elementor-widget-text-editor\" data-id=\"20bd49f\" data-element_type=\"widget\" data-widget_type=\"text-editor.default\">\n\t\t\t\t<div class=\"elementor-widget-container\">\n\t\t\t\t\t\t\t\t\t<p>Projelerimizi g\u00f6zden ge\u00e7irin ve ba\u015far\u0131 hikayelerimizi ke\u015ffedin. Her biri \u00f6zenle tasarlanm\u0131\u015f \u00e7\u00f6z\u00fcmlerimizle i\u015fletmelerin<br \/>ihtiya\u00e7lar\u0131na nas\u0131l yan\u0131t verdi\u011fimizi ve nas\u0131l de\u011fer katt\u0131\u011f\u0131m\u0131z\u0131 ke\u015ffedin.<\/p>\t\t\t\t\t\t\t\t<\/div>\n\t\t\t\t<\/div>\n\t\t\t\t<div class=\"elementor-element elementor-element-fd8d792 elementor-widget elementor-widget-ipfilter\" data-id=\"fd8d792\" data-element_type=\"widget\" data-widget_type=\"ipfilter.default\">\n\t\t\t\t<div class=\"elementor-widget-container\">\n\t\t\t\t\t\r\n\t\t<div class=\"project-filter-wrapper\">\r\n\t                \t\t<ul class=\"project_filters\">\r\n        \t\t\t        \t\t\t \t<li><a href=\"#\" data-filter=\"*\" class=\"selected\">All<\/a><\/li>\r\n        \t\t\t\t                \t                    <li><a href='#' data-filter='.category-16'>Bilim<\/a><\/li>\t                    \r\n\t                \t                    <li><a href='#' data-filter='.category-14'>Tasar\u0131m<\/a><\/li>\t                    \r\n\t                \t                    <li><a href='#' data-filter='.category-21'>Teknoloji<\/a><\/li>\t                    \r\n\t                \t                    <li><a href='#' data-filter='.category-15'>Yaz\u0131l\u0131m<\/a><\/li>\t                    \r\n\t                \t\t\t\t<\/ul>\r\n\t        \r\n\t        <div class=\"projects-grid projects-style-1 pf_4_cols\">\r\n\t        \t\r\n\t            \r\n\t            \t<div class=\"project-item category-16 category-14 \">\r\n\t\t\t\t\t\t<div class=\"projects-box\">\r\n\t\t\t\t\t\t\t<div class=\"projects-thumbnail\">\r\n\t\t\t\t\t\t\t\t<a href=\"https:\/\/www.artkom.com.tr\/index.php\/portfolio\/proje-gelistirme\/\">\r\n\t\t\t\t\t\t\t\t\t<img fetchpriority=\"high\" decoding=\"async\" width=\"720\" height=\"720\" src=\"https:\/\/www.artkom.com.tr\/wp-content\/uploads\/2019\/11\/project1-720x720.jpg\" class=\"attachment-engitech-portfolio-thumbnail-grid size-engitech-portfolio-thumbnail-grid wp-post-image\" alt=\"\" srcset=\"https:\/\/www.artkom.com.tr\/wp-content\/uploads\/2019\/11\/project1-720x720.jpg 720w, https:\/\/www.artkom.com.tr\/wp-content\/uploads\/2019\/11\/project1-150x150.jpg 150w\" sizes=\"(max-width: 720px) 100vw, 720px\" \/>\t\t\t\t\t\t\t\t<\/a>\r\n\t\t\t\t\t\t\t<\/div>\r\n\t\t\t\t\t\t\t<div class=\"portfolio-info \">\r\n\t\t\t\t\t\t\t\t<a class=\"overlay\" href=\"https:\/\/www.artkom.com.tr\/index.php\/portfolio\/proje-gelistirme\/\"><\/a>\t\t\t\t\t\t\t\t<div class=\"portfolio-info-inner\">\r\n\t\t\t\t\t\t\t\t\t<h5><a href=\"https:\/\/www.artkom.com.tr\/index.php\/portfolio\/proje-gelistirme\/\">Proje Geli\u015ftirme<\/a><\/h5>\r\n\t\t\t\t\t\t\t\t\t<p class=\"portfolio-cates\"><a href=\"https:\/\/www.artkom.com.tr\/index.php\/portfolio-category\/bilim\/\">Bilim<\/a><span>\/<\/span><a href=\"https:\/\/www.artkom.com.tr\/index.php\/portfolio-category\/tasarim\/\">Tasar\u0131m<\/a><span>\/<\/span><\/p> \r\n\t\t\t\t\t\t\t\t<\/div>\r\n\t\t\t\t\t\t\t<\/div>\r\n\t\t\t\t\t\t<\/div>\r\n\t\t\t\t\t<\/div>\r\n\r\n\t            \r\n\t            \t<div class=\"project-item category-16 category-21 \">\r\n\t\t\t\t\t\t<div class=\"projects-box\">\r\n\t\t\t\t\t\t\t<div class=\"projects-thumbnail\">\r\n\t\t\t\t\t\t\t\t<a href=\"https:\/\/www.artkom.com.tr\/index.php\/portfolio\/kontrol-sureci\/\">\r\n\t\t\t\t\t\t\t\t\t<img decoding=\"async\" width=\"720\" height=\"720\" src=\"https:\/\/www.artkom.com.tr\/wp-content\/uploads\/2019\/11\/project3-720x720.jpg\" class=\"attachment-engitech-portfolio-thumbnail-grid size-engitech-portfolio-thumbnail-grid wp-post-image\" alt=\"\" srcset=\"https:\/\/www.artkom.com.tr\/wp-content\/uploads\/2019\/11\/project3-720x720.jpg 720w, https:\/\/www.artkom.com.tr\/wp-content\/uploads\/2019\/11\/project3-150x150.jpg 150w\" sizes=\"(max-width: 720px) 100vw, 720px\" \/>\t\t\t\t\t\t\t\t<\/a>\r\n\t\t\t\t\t\t\t<\/div>\r\n\t\t\t\t\t\t\t<div class=\"portfolio-info \">\r\n\t\t\t\t\t\t\t\t<a class=\"overlay\" href=\"https:\/\/www.artkom.com.tr\/index.php\/portfolio\/kontrol-sureci\/\"><\/a>\t\t\t\t\t\t\t\t<div class=\"portfolio-info-inner\">\r\n\t\t\t\t\t\t\t\t\t<h5><a href=\"https:\/\/www.artkom.com.tr\/index.php\/portfolio\/kontrol-sureci\/\">Kontrol S\u00fcreci<\/a><\/h5>\r\n\t\t\t\t\t\t\t\t\t<p class=\"portfolio-cates\"><a href=\"https:\/\/www.artkom.com.tr\/index.php\/portfolio-category\/bilim\/\">Bilim<\/a><span>\/<\/span><a href=\"https:\/\/www.artkom.com.tr\/index.php\/portfolio-category\/teknoloji\/\">Teknoloji<\/a><span>\/<\/span><\/p> \r\n\t\t\t\t\t\t\t\t<\/div>\r\n\t\t\t\t\t\t\t<\/div>\r\n\t\t\t\t\t\t<\/div>\r\n\t\t\t\t\t<\/div>\r\n\r\n\t            \r\n\t            \t<div class=\"project-item category-16 category-15 \">\r\n\t\t\t\t\t\t<div class=\"projects-box\">\r\n\t\t\t\t\t\t\t<div class=\"projects-thumbnail\">\r\n\t\t\t\t\t\t\t\t<a href=\"https:\/\/www.artkom.com.tr\/index.php\/portfolio\/erp-hizmetleri\/\">\r\n\t\t\t\t\t\t\t\t\t<img decoding=\"async\" width=\"720\" height=\"720\" src=\"https:\/\/www.artkom.com.tr\/wp-content\/uploads\/2019\/11\/project6-720x720.jpg\" class=\"attachment-engitech-portfolio-thumbnail-grid size-engitech-portfolio-thumbnail-grid wp-post-image\" alt=\"\" srcset=\"https:\/\/www.artkom.com.tr\/wp-content\/uploads\/2019\/11\/project6-720x720.jpg 720w, https:\/\/www.artkom.com.tr\/wp-content\/uploads\/2019\/11\/project6-150x150.jpg 150w\" sizes=\"(max-width: 720px) 100vw, 720px\" \/>\t\t\t\t\t\t\t\t<\/a>\r\n\t\t\t\t\t\t\t<\/div>\r\n\t\t\t\t\t\t\t<div class=\"portfolio-info \">\r\n\t\t\t\t\t\t\t\t<a class=\"overlay\" href=\"https:\/\/www.artkom.com.tr\/index.php\/portfolio\/erp-hizmetleri\/\"><\/a>\t\t\t\t\t\t\t\t<div class=\"portfolio-info-inner\">\r\n\t\t\t\t\t\t\t\t\t<h5><a href=\"https:\/\/www.artkom.com.tr\/index.php\/portfolio\/erp-hizmetleri\/\">ERP Hizmetleri<\/a><\/h5>\r\n\t\t\t\t\t\t\t\t\t<p class=\"portfolio-cates\"><a href=\"https:\/\/www.artkom.com.tr\/index.php\/portfolio-category\/bilim\/\">Bilim<\/a><span>\/<\/span><a href=\"https:\/\/www.artkom.com.tr\/index.php\/portfolio-category\/yazilim\/\">Yaz\u0131l\u0131m<\/a><span>\/<\/span><\/p> \r\n\t\t\t\t\t\t\t\t<\/div>\r\n\t\t\t\t\t\t\t<\/div>\r\n\t\t\t\t\t\t<\/div>\r\n\t\t\t\t\t<\/div>\r\n\r\n\t            \r\n\t            \t<div class=\"project-item category-14 category-21 \">\r\n\t\t\t\t\t\t<div class=\"projects-box\">\r\n\t\t\t\t\t\t\t<div class=\"projects-thumbnail\">\r\n\t\t\t\t\t\t\t\t<a href=\"https:\/\/www.artkom.com.tr\/index.php\/portfolio\/cozum-ortaginiz\/\">\r\n\t\t\t\t\t\t\t\t\t<img loading=\"lazy\" decoding=\"async\" width=\"720\" height=\"720\" src=\"https:\/\/www.artkom.com.tr\/wp-content\/uploads\/2019\/11\/project9-720x720.jpg\" class=\"attachment-engitech-portfolio-thumbnail-grid size-engitech-portfolio-thumbnail-grid wp-post-image\" alt=\"\" srcset=\"https:\/\/www.artkom.com.tr\/wp-content\/uploads\/2019\/11\/project9-720x720.jpg 720w, https:\/\/www.artkom.com.tr\/wp-content\/uploads\/2019\/11\/project9-150x150.jpg 150w\" sizes=\"(max-width: 720px) 100vw, 720px\" \/>\t\t\t\t\t\t\t\t<\/a>\r\n\t\t\t\t\t\t\t<\/div>\r\n\t\t\t\t\t\t\t<div class=\"portfolio-info \">\r\n\t\t\t\t\t\t\t\t<a class=\"overlay\" href=\"https:\/\/www.artkom.com.tr\/index.php\/portfolio\/cozum-ortaginiz\/\"><\/a>\t\t\t\t\t\t\t\t<div class=\"portfolio-info-inner\">\r\n\t\t\t\t\t\t\t\t\t<h5><a href=\"https:\/\/www.artkom.com.tr\/index.php\/portfolio\/cozum-ortaginiz\/\">\u00c7\u00f6z\u00fcm Orta\u011f\u0131n\u0131z<\/a><\/h5>\r\n\t\t\t\t\t\t\t\t\t<p class=\"portfolio-cates\"><a href=\"https:\/\/www.artkom.com.tr\/index.php\/portfolio-category\/tasarim\/\">Tasar\u0131m<\/a><span>\/<\/span><a href=\"https:\/\/www.artkom.com.tr\/index.php\/portfolio-category\/teknoloji\/\">Teknoloji<\/a><span>\/<\/span><\/p> \r\n\t\t\t\t\t\t\t\t<\/div>\r\n\t\t\t\t\t\t\t<\/div>\r\n\t\t\t\t\t\t<\/div>\r\n\t\t\t\t\t<\/div>\r\n\r\n\t            \r\n\t            \t<div class=\"project-item category-15 \">\r\n\t\t\t\t\t\t<div class=\"projects-box\">\r\n\t\t\t\t\t\t\t<div class=\"projects-thumbnail\">\r\n\t\t\t\t\t\t\t\t<a href=\"https:\/\/www.artkom.com.tr\/index.php\/portfolio\/veri-analizi\/\">\r\n\t\t\t\t\t\t\t\t\t<img loading=\"lazy\" decoding=\"async\" width=\"720\" height=\"720\" src=\"https:\/\/www.artkom.com.tr\/wp-content\/uploads\/2019\/11\/project11-720x720.jpg\" class=\"attachment-engitech-portfolio-thumbnail-grid size-engitech-portfolio-thumbnail-grid wp-post-image\" alt=\"\" srcset=\"https:\/\/www.artkom.com.tr\/wp-content\/uploads\/2019\/11\/project11-720x720.jpg 720w, https:\/\/www.artkom.com.tr\/wp-content\/uploads\/2019\/11\/project11-150x150.jpg 150w\" sizes=\"(max-width: 720px) 100vw, 720px\" \/>\t\t\t\t\t\t\t\t<\/a>\r\n\t\t\t\t\t\t\t<\/div>\r\n\t\t\t\t\t\t\t<div class=\"portfolio-info \">\r\n\t\t\t\t\t\t\t\t<a class=\"overlay\" href=\"https:\/\/www.artkom.com.tr\/index.php\/portfolio\/veri-analizi\/\"><\/a>\t\t\t\t\t\t\t\t<div class=\"portfolio-info-inner\">\r\n\t\t\t\t\t\t\t\t\t<h5><a href=\"https:\/\/www.artkom.com.tr\/index.php\/portfolio\/veri-analizi\/\">Veri Analizi<\/a><\/h5>\r\n\t\t\t\t\t\t\t\t\t<p class=\"portfolio-cates\"><a href=\"https:\/\/www.artkom.com.tr\/index.php\/portfolio-category\/yazilim\/\">Yaz\u0131l\u0131m<\/a><span>\/<\/span><\/p> \r\n\t\t\t\t\t\t\t\t<\/div>\r\n\t\t\t\t\t\t\t<\/div>\r\n\t\t\t\t\t\t<\/div>\r\n\t\t\t\t\t<\/div>\r\n\r\n\t            \t        <\/div>\r\n\t    <\/div>\r\n\r\n\t    \t\t\t\t<\/div>\n\t\t\t\t<\/div>\n\t\t\t\t\t<\/div>\n\t\t<\/div>\n\t\t\t\t\t<\/div>\n\t\t<\/section>\n\t\t\t\t<section class=\"elementor-section elementor-top-section elementor-element elementor-element-cd0c404 ot-traditional elementor-section-boxed elementor-section-height-default elementor-section-height-default\" data-id=\"cd0c404\" data-element_type=\"section\" data-settings=\"{&quot;background_background&quot;:&quot;classic&quot;}\">\n\t\t\t\t\t\t<div class=\"elementor-container elementor-column-gap-default\">\n\t\t\t\t\t<div class=\"elementor-column elementor-col-100 elementor-top-column elementor-element elementor-element-16509b4 ot-flex-column-vertical\" data-id=\"16509b4\" data-element_type=\"column\">\n\t\t\t<div class=\"elementor-widget-wrap elementor-element-populated\">\n\t\t\t\t\t\t<div class=\"elementor-element elementor-element-d4148c1 elementor-widget elementor-widget-image-carousel\" data-id=\"d4148c1\" data-element_type=\"widget\" data-settings=\"{&quot;slides_to_show&quot;:&quot;5&quot;,&quot;slides_to_scroll&quot;:&quot;1&quot;,&quot;navigation&quot;:&quot;none&quot;,&quot;autoplay&quot;:&quot;yes&quot;,&quot;pause_on_hover&quot;:&quot;yes&quot;,&quot;pause_on_interaction&quot;:&quot;yes&quot;,&quot;autoplay_speed&quot;:5000,&quot;infinite&quot;:&quot;yes&quot;,&quot;speed&quot;:500}\" data-widget_type=\"image-carousel.default\">\n\t\t\t\t<div class=\"elementor-widget-container\">\n\t\t\t\t\t\t\t<div class=\"elementor-image-carousel-wrapper swiper\" role=\"region\" aria-roledescription=\"carousel\" aria-label=\"Resim D\u00f6ng\u00fcs\u00fc\" dir=\"ltr\">\n\t\t\t<div class=\"elementor-image-carousel swiper-wrapper\" aria-live=\"off\">\n\t\t\t\t\t\t\t\t<div class=\"swiper-slide\" role=\"group\" aria-roledescription=\"slide\" aria-label=\"1 \/ 9\"><figure class=\"swiper-slide-inner\"><img decoding=\"async\" class=\"swiper-slide-image\" src=\"https:\/\/www.artkom.com.tr\/wp-content\/uploads\/2020\/09\/Flyer-Silver-150x150.png\" alt=\"Flyer-Silver\" \/><\/figure><\/div><div class=\"swiper-slide\" role=\"group\" aria-roledescription=\"slide\" aria-label=\"2 \/ 9\"><figure class=\"swiper-slide-inner\"><img decoding=\"async\" class=\"swiper-slide-image\" src=\"https:\/\/www.artkom.com.tr\/wp-content\/uploads\/2020\/09\/Jumper-gold-150x150.png\" alt=\"Jumper-gold\" \/><\/figure><\/div><div class=\"swiper-slide\" role=\"group\" aria-roledescription=\"slide\" aria-label=\"3 \/ 9\"><figure class=\"swiper-slide-inner\"><img decoding=\"async\" class=\"swiper-slide-image\" src=\"https:\/\/www.artkom.com.tr\/wp-content\/uploads\/2024\/06\/mikroLogo-150x150.png\" alt=\"mikroLogo\" \/><\/figure><\/div><div class=\"swiper-slide\" role=\"group\" aria-roledescription=\"slide\" aria-label=\"4 \/ 9\"><figure class=\"swiper-slide-inner\"><img decoding=\"async\" class=\"swiper-slide-image\" src=\"https:\/\/www.artkom.com.tr\/wp-content\/uploads\/2021\/03\/client6-10.png\" alt=\"client6-10\" \/><\/figure><\/div><div class=\"swiper-slide\" role=\"group\" aria-roledescription=\"slide\" aria-label=\"5 \/ 9\"><figure class=\"swiper-slide-inner\"><img decoding=\"async\" class=\"swiper-slide-image\" src=\"https:\/\/www.artkom.com.tr\/wp-content\/uploads\/2021\/03\/client5-10.png\" alt=\"client5-10\" \/><\/figure><\/div><div class=\"swiper-slide\" role=\"group\" aria-roledescription=\"slide\" aria-label=\"6 \/ 9\"><figure class=\"swiper-slide-inner\"><img decoding=\"async\" class=\"swiper-slide-image\" src=\"https:\/\/www.artkom.com.tr\/wp-content\/uploads\/2021\/03\/client4-10.png\" alt=\"client4-10\" \/><\/figure><\/div><div class=\"swiper-slide\" role=\"group\" aria-roledescription=\"slide\" aria-label=\"7 \/ 9\"><figure class=\"swiper-slide-inner\"><img decoding=\"async\" class=\"swiper-slide-image\" src=\"https:\/\/www.artkom.com.tr\/wp-content\/uploads\/2021\/03\/client3-10.png\" alt=\"client3-10\" \/><\/figure><\/div><div class=\"swiper-slide\" role=\"group\" aria-roledescription=\"slide\" aria-label=\"8 \/ 9\"><figure class=\"swiper-slide-inner\"><img decoding=\"async\" class=\"swiper-slide-image\" src=\"https:\/\/www.artkom.com.tr\/wp-content\/uploads\/2021\/03\/client2-10.png\" alt=\"client2-10\" \/><\/figure><\/div><div class=\"swiper-slide\" role=\"group\" aria-roledescription=\"slide\" aria-label=\"9 \/ 9\"><figure class=\"swiper-slide-inner\"><img decoding=\"async\" class=\"swiper-slide-image\" src=\"https:\/\/www.artkom.com.tr\/wp-content\/uploads\/2021\/03\/client1-10.png\" alt=\"client1-10\" \/><\/figure><\/div>\t\t\t<\/div>\n\t\t\t\t\t\t\t\n\t\t\t\t\t\t\t\t\t<\/div>\n\t\t\t\t\t\t<\/div>\n\t\t\t\t<\/div>\n\t\t\t\t\t<\/div>\n\t\t<\/div>\n\t\t\t\t\t<\/div>\n\t\t<\/section>\n\t\t\t\t<\/div>\n\t\t","protected":false},"excerpt":{"rendered":"<p>\/\/ ARTKOM Portfolyo Projelerimizi g\u00f6zden ge\u00e7irin ve ba\u015far\u0131 hikayelerimizi ke\u015ffedin. Her biri \u00f6zenle tasarlanm\u0131\u015f \u00e7\u00f6z\u00fcmlerimizle i\u015fletmelerinihtiya\u00e7lar\u0131na nas\u0131l yan\u0131t verdi\u011fimizi ve nas\u0131l de\u011fer katt\u0131\u011f\u0131m\u0131z\u0131 ke\u015ffedin. All Bilim Tasar\u0131m Teknoloji Yaz\u0131l\u0131m Proje Geli\u015ftirme Bilim\/Tasar\u0131m\/ Kontrol S\u00fcreci Bilim\/Teknoloji\/ ERP Hizmetleri Bilim\/Yaz\u0131l\u0131m\/ \u00c7\u00f6z\u00fcm Orta\u011f\u0131n\u0131z Tasar\u0131m\/Teknoloji\/ Veri Analizi Yaz\u0131l\u0131m\/<\/p>\n","protected":false},"author":1,"featured_media":0,"parent":0,"menu_order":0,"comment_status":"closed","ping_status":"closed","template":"","meta":{"footnotes":""},"yoast_head":"<!-- This site is optimized with the Yoast SEO plugin v24.5 - https:\/\/yoast.com\/wordpress\/plugins\/seo\/ -->\n<title>Portfolyo - ARTKOM<\/title>\n<meta name=\"robots\" content=\"index, follow, max-snippet:-1, max-image-preview:large, max-video-preview:-1\" \/>\n<link rel=\"canonical\" href=\"https:\/\/www.artkom.com.tr\/index.php\/portfolyo\/\" \/>\n<meta property=\"og:locale\" content=\"tr_TR\" \/>\n<meta property=\"og:type\" content=\"article\" \/>\n<meta property=\"og:title\" content=\"Portfolyo - ARTKOM\" \/>\n<meta property=\"og:description\" content=\"\/\/ ARTKOM Portfolyo Projelerimizi g\u00f6zden ge\u00e7irin ve ba\u015far\u0131 hikayelerimizi ke\u015ffedin. Her biri \u00f6zenle tasarlanm\u0131\u015f \u00e7\u00f6z\u00fcmlerimizle i\u015fletmelerinihtiya\u00e7lar\u0131na nas\u0131l yan\u0131t verdi\u011fimizi ve nas\u0131l de\u011fer katt\u0131\u011f\u0131m\u0131z\u0131 ke\u015ffedin. All Bilim Tasar\u0131m Teknoloji Yaz\u0131l\u0131m Proje Geli\u015ftirme Bilim\/Tasar\u0131m\/ Kontrol S\u00fcreci Bilim\/Teknoloji\/ ERP Hizmetleri Bilim\/Yaz\u0131l\u0131m\/ \u00c7\u00f6z\u00fcm Orta\u011f\u0131n\u0131z Tasar\u0131m\/Teknoloji\/ Veri Analizi Yaz\u0131l\u0131m\/\" \/>\n<meta property=\"og:url\" content=\"https:\/\/www.artkom.com.tr\/index.php\/portfolyo\/\" \/>\n<meta property=\"og:site_name\" content=\"ARTKOM\" \/>\n<meta property=\"article:modified_time\" content=\"2024-06-12T15:34:25+00:00\" \/>\n<meta property=\"og:image\" content=\"http:\/\/www.artkom.com.tr\/wp-content\/uploads\/2019\/11\/project1-720x720.jpg\" \/>\n<meta name=\"twitter:card\" content=\"summary_large_image\" \/>\n<meta name=\"twitter:label1\" content=\"Tahmini okuma s\u00fcresi\" \/>\n\t<meta name=\"twitter:data1\" content=\"6 dakika\" \/>\n<script type=\"application\/ld+json\" class=\"yoast-schema-graph\">{\"@context\":\"https:\/\/schema.org\",\"@graph\":[{\"@type\":\"WebPage\",\"@id\":\"https:\/\/www.artkom.com.tr\/index.php\/portfolyo\/\",\"url\":\"https:\/\/www.artkom.com.tr\/index.php\/portfolyo\/\",\"name\":\"Portfolyo - ARTKOM\",\"isPartOf\":{\"@id\":\"http:\/\/www.artkom.com.tr\/#website\"},\"primaryImageOfPage\":{\"@id\":\"https:\/\/www.artkom.com.tr\/index.php\/portfolyo\/#primaryimage\"},\"image\":{\"@id\":\"https:\/\/www.artkom.com.tr\/index.php\/portfolyo\/#primaryimage\"},\"thumbnailUrl\":\"http:\/\/www.artkom.com.tr\/wp-content\/uploads\/2019\/11\/project1-720x720.jpg\",\"datePublished\":\"2020-03-06T10:03:03+00:00\",\"dateModified\":\"2024-06-12T15:34:25+00:00\",\"breadcrumb\":{\"@id\":\"https:\/\/www.artkom.com.tr\/index.php\/portfolyo\/#breadcrumb\"},\"inLanguage\":\"tr\",\"potentialAction\":[{\"@type\":\"ReadAction\",\"target\":[\"https:\/\/www.artkom.com.tr\/index.php\/portfolyo\/\"]}]},{\"@type\":\"ImageObject\",\"inLanguage\":\"tr\",\"@id\":\"https:\/\/www.artkom.com.tr\/index.php\/portfolyo\/#primaryimage\",\"url\":\"https:\/\/www.artkom.com.tr\/wp-content\/uploads\/2019\/11\/project1.jpg\",\"contentUrl\":\"https:\/\/www.artkom.com.tr\/wp-content\/uploads\/2019\/11\/project1.jpg\",\"width\":919,\"height\":720},{\"@type\":\"BreadcrumbList\",\"@id\":\"https:\/\/www.artkom.com.tr\/index.php\/portfolyo\/#breadcrumb\",\"itemListElement\":[{\"@type\":\"ListItem\",\"position\":1,\"name\":\"Anasayfa\",\"item\":\"https:\/\/www.artkom.com.tr\/\"},{\"@type\":\"ListItem\",\"position\":2,\"name\":\"Portfolyo\"}]},{\"@type\":\"WebSite\",\"@id\":\"http:\/\/www.artkom.com.tr\/#website\",\"url\":\"http:\/\/www.artkom.com.tr\/\",\"name\":\"ARTKOM\",\"description\":\"ARTKOM B\u0130L\u0130\u015e\u0130M \u0130\u015eLEMLER\u0130\",\"publisher\":{\"@id\":\"http:\/\/www.artkom.com.tr\/#organization\"},\"potentialAction\":[{\"@type\":\"SearchAction\",\"target\":{\"@type\":\"EntryPoint\",\"urlTemplate\":\"http:\/\/www.artkom.com.tr\/?s={search_term_string}\"},\"query-input\":{\"@type\":\"PropertyValueSpecification\",\"valueRequired\":true,\"valueName\":\"search_term_string\"}}],\"inLanguage\":\"tr\"},{\"@type\":\"Organization\",\"@id\":\"http:\/\/www.artkom.com.tr\/#organization\",\"name\":\"ARTKOM\",\"url\":\"http:\/\/www.artkom.com.tr\/\",\"logo\":{\"@type\":\"ImageObject\",\"inLanguage\":\"tr\",\"@id\":\"http:\/\/www.artkom.com.tr\/#\/schema\/logo\/image\/\",\"url\":\"https:\/\/www.artkom.com.tr\/wp-content\/uploads\/2024\/06\/WhatsApp-Gorsel-2024-06-11-saat-00.51.16_9a471105.jpg\",\"contentUrl\":\"https:\/\/www.artkom.com.tr\/wp-content\/uploads\/2024\/06\/WhatsApp-Gorsel-2024-06-11-saat-00.51.16_9a471105.jpg\",\"width\":1280,\"height\":772,\"caption\":\"ARTKOM\"},\"image\":{\"@id\":\"http:\/\/www.artkom.com.tr\/#\/schema\/logo\/image\/\"}}]}<\/script>\n<!-- \/ Yoast SEO plugin. -->","yoast_head_json":{"title":"Portfolyo - ARTKOM","robots":{"index":"index","follow":"follow","max-snippet":"max-snippet:-1","max-image-preview":"max-image-preview:large","max-video-preview":"max-video-preview:-1"},"canonical":"https:\/\/www.artkom.com.tr\/index.php\/portfolyo\/","og_locale":"tr_TR","og_type":"article","og_title":"Portfolyo - ARTKOM","og_description":"\/\/ ARTKOM Portfolyo Projelerimizi g\u00f6zden ge\u00e7irin ve ba\u015far\u0131 hikayelerimizi ke\u015ffedin. Her biri \u00f6zenle tasarlanm\u0131\u015f \u00e7\u00f6z\u00fcmlerimizle i\u015fletmelerinihtiya\u00e7lar\u0131na nas\u0131l yan\u0131t verdi\u011fimizi ve nas\u0131l de\u011fer katt\u0131\u011f\u0131m\u0131z\u0131 ke\u015ffedin. All Bilim Tasar\u0131m Teknoloji Yaz\u0131l\u0131m Proje Geli\u015ftirme Bilim\/Tasar\u0131m\/ Kontrol S\u00fcreci Bilim\/Teknoloji\/ ERP Hizmetleri Bilim\/Yaz\u0131l\u0131m\/ \u00c7\u00f6z\u00fcm Orta\u011f\u0131n\u0131z Tasar\u0131m\/Teknoloji\/ Veri Analizi Yaz\u0131l\u0131m\/","og_url":"https:\/\/www.artkom.com.tr\/index.php\/portfolyo\/","og_site_name":"ARTKOM","article_modified_time":"2024-06-12T15:34:25+00:00","og_image":[{"url":"http:\/\/www.artkom.com.tr\/wp-content\/uploads\/2019\/11\/project1-720x720.jpg","type":"","width":"","height":""}],"twitter_card":"summary_large_image","twitter_misc":{"Tahmini okuma s\u00fcresi":"6 dakika"},"schema":{"@context":"https:\/\/schema.org","@graph":[{"@type":"WebPage","@id":"https:\/\/www.artkom.com.tr\/index.php\/portfolyo\/","url":"https:\/\/www.artkom.com.tr\/index.php\/portfolyo\/","name":"Portfolyo - ARTKOM","isPartOf":{"@id":"http:\/\/www.artkom.com.tr\/#website"},"primaryImageOfPage":{"@id":"https:\/\/www.artkom.com.tr\/index.php\/portfolyo\/#primaryimage"},"image":{"@id":"https:\/\/www.artkom.com.tr\/index.php\/portfolyo\/#primaryimage"},"thumbnailUrl":"http:\/\/www.artkom.com.tr\/wp-content\/uploads\/2019\/11\/project1-720x720.jpg","datePublished":"2020-03-06T10:03:03+00:00","dateModified":"2024-06-12T15:34:25+00:00","breadcrumb":{"@id":"https:\/\/www.artkom.com.tr\/index.php\/portfolyo\/#breadcrumb"},"inLanguage":"tr","potentialAction":[{"@type":"ReadAction","target":["https:\/\/www.artkom.com.tr\/index.php\/portfolyo\/"]}]},{"@type":"ImageObject","inLanguage":"tr","@id":"https:\/\/www.artkom.com.tr\/index.php\/portfolyo\/#primaryimage","url":"https:\/\/www.artkom.com.tr\/wp-content\/uploads\/2019\/11\/project1.jpg","contentUrl":"https:\/\/www.artkom.com.tr\/wp-content\/uploads\/2019\/11\/project1.jpg","width":919,"height":720},{"@type":"BreadcrumbList","@id":"https:\/\/www.artkom.com.tr\/index.php\/portfolyo\/#breadcrumb","itemListElement":[{"@type":"ListItem","position":1,"name":"Anasayfa","item":"https:\/\/www.artkom.com.tr\/"},{"@type":"ListItem","position":2,"name":"Portfolyo"}]},{"@type":"WebSite","@id":"http:\/\/www.artkom.com.tr\/#website","url":"http:\/\/www.artkom.com.tr\/","name":"ARTKOM","description":"ARTKOM B\u0130L\u0130\u015e\u0130M \u0130\u015eLEMLER\u0130","publisher":{"@id":"http:\/\/www.artkom.com.tr\/#organization"},"potentialAction":[{"@type":"SearchAction","target":{"@type":"EntryPoint","urlTemplate":"http:\/\/www.artkom.com.tr\/?s={search_term_string}"},"query-input":{"@type":"PropertyValueSpecification","valueRequired":true,"valueName":"search_term_string"}}],"inLanguage":"tr"},{"@type":"Organization","@id":"http:\/\/www.artkom.com.tr\/#organization","name":"ARTKOM","url":"http:\/\/www.artkom.com.tr\/","logo":{"@type":"ImageObject","inLanguage":"tr","@id":"http:\/\/www.artkom.com.tr\/#\/schema\/logo\/image\/","url":"https:\/\/www.artkom.com.tr\/wp-content\/uploads\/2024\/06\/WhatsApp-Gorsel-2024-06-11-saat-00.51.16_9a471105.jpg","contentUrl":"https:\/\/www.artkom.com.tr\/wp-content\/uploads\/2024\/06\/WhatsApp-Gorsel-2024-06-11-saat-00.51.16_9a471105.jpg","width":1280,"height":772,"caption":"ARTKOM"},"image":{"@id":"http:\/\/www.artkom.com.tr\/#\/schema\/logo\/image\/"}}]}},"_links":{"self":[{"href":"https:\/\/www.artkom.com.tr\/index.php\/wp-json\/wp\/v2\/pages\/2441"}],"collection":[{"href":"https:\/\/www.artkom.com.tr\/index.php\/wp-json\/wp\/v2\/pages"}],"about":[{"href":"https:\/\/www.artkom.com.tr\/index.php\/wp-json\/wp\/v2\/types\/page"}],"author":[{"embeddable":true,"href":"https:\/\/www.artkom.com.tr\/index.php\/wp-json\/wp\/v2\/users\/1"}],"replies":[{"embeddable":true,"href":"https:\/\/www.artkom.com.tr\/index.php\/wp-json\/wp\/v2\/comments?post=2441"}],"version-history":[{"count":15,"href":"https:\/\/www.artkom.com.tr\/index.php\/wp-json\/wp\/v2\/pages\/2441\/revisions"}],"predecessor-version":[{"id":5600,"href":"https:\/\/www.artkom.com.tr\/index.php\/wp-json\/wp\/v2\/pages\/2441\/revisions\/5600"}],"wp:attachment":[{"href":"https:\/\/www.artkom.com.tr\/index.php\/wp-json\/wp\/v2\/media?parent=2441"}],"curies":[{"name":"wp","href":"https:\/\/api.w.org\/{rel}","templated":true}]}}